{"id":84,"date":"2026-04-21T11:50:38","date_gmt":"2026-04-21T11:50:38","guid":{"rendered":"https:\/\/noxoles.es\/?page_id=84"},"modified":"2026-04-30T06:38:08","modified_gmt":"2026-04-30T06:38:08","slug":"elementor-84","status":"publish","type":"page","link":"https:\/\/noxoles.es\/?page_id=84","title":{"rendered":"Sobre m\u00ed"},"content":{"rendered":"\t\t<div data-elementor-type=\"wp-page\" data-elementor-id=\"84\" class=\"elementor elementor-84\" data-elementor-post-type=\"page\">\n\t\t\t\t<div class=\"elementor-element elementor-element-18e60fe e-flex e-con-boxed e-con e-parent\" data-id=\"18e60fe\" data-element_type=\"container\" data-e-type=\"container\">\n\t\t\t\t\t<div class=\"e-con-inner\">\n\t\t\t\t<div class=\"elementor-element elementor-element-2f91861 elementor-widget elementor-widget-image\" data-id=\"2f91861\" data-element_type=\"widget\" data-e-type=\"widget\" data-widget_type=\"image.default\">\n\t\t\t\t\t\t\t\t\t\t\t\t\t\t\t<img fetchpriority=\"high\" decoding=\"async\" width=\"819\" height=\"1024\" src=\"https:\/\/noxoles.es\/wp-content\/uploads\/2026\/04\/editada-foto-nieve-819x1024.jpg\" class=\"attachment-large size-large wp-image-107\" alt=\"\" srcset=\"https:\/\/noxoles.es\/wp-content\/uploads\/2026\/04\/editada-foto-nieve-819x1024.jpg 819w, https:\/\/noxoles.es\/wp-content\/uploads\/2026\/04\/editada-foto-nieve-240x300.jpg 240w, https:\/\/noxoles.es\/wp-content\/uploads\/2026\/04\/editada-foto-nieve-768x960.jpg 768w, https:\/\/noxoles.es\/wp-content\/uploads\/2026\/04\/editada-foto-nieve-100x125.jpg 100w, https:\/\/noxoles.es\/wp-content\/uploads\/2026\/04\/editada-foto-nieve-1229x1536.jpg 1229w, https:\/\/noxoles.es\/wp-content\/uploads\/2026\/04\/editada-foto-nieve-1639x2048.jpg 1639w, https:\/\/noxoles.es\/wp-content\/uploads\/2026\/04\/editada-foto-nieve-scaled.jpg 2048w\" sizes=\"(max-width: 819px) 100vw, 819px\" \/>\t\t\t\t\t\t\t\t\t\t\t\t\t\t\t<\/div>\n\t\t\t\t<div class=\"elementor-element elementor-element-ad0fff2 elementor-widget__width-initial elementor-widget elementor-widget-text-editor\" data-id=\"ad0fff2\" data-element_type=\"widget\" data-e-type=\"widget\" data-widget_type=\"text-editor.default\">\n\t\t\t\t\t\t\t\t\t<p>Soy Luc\u00eda, estudiante de fotograf\u00eda y creaci\u00f3n audiovisual en Valencia. Para m\u00ed, la imagen y la edici\u00f3n son mucho m\u00e1s que t\u00e9cnica. Son las herramientas que utilizo para explorar sentimientos y generar un impacto visual en quien mira mi trabajo. Me interesa especialmente el mundo de la moda y la postproducci\u00f3n, ya que creo que es en la edici\u00f3n donde las piezas terminan de cobrar vida y encuentran su narrativa.<\/p>\t\t\t\t\t\t\t\t<\/div>\n\t\t\t\t\t<\/div>\n\t\t\t\t<\/div>\n\t\t<div class=\"elementor-element elementor-element-cc187fe e-con-full e-flex e-con e-parent\" data-id=\"cc187fe\" data-element_type=\"container\" data-e-type=\"container\">\n\t\t<div class=\"elementor-element elementor-element-e16ef09 e-con-full e-flex e-con e-child\" data-id=\"e16ef09\" data-element_type=\"container\" data-e-type=\"container\">\n\t\t\t\t<div class=\"elementor-element elementor-element-68f2156 elementor-widget__width-initial elementor-widget elementor-widget-heading\" data-id=\"68f2156\" data-element_type=\"widget\" data-e-type=\"widget\" data-widget_type=\"heading.default\">\n\t\t\t\t\t<h2 class=\"elementor-heading-title elementor-size-default\">Contacto<\/h2>\t\t\t\t<\/div>\n\t\t<div class=\"elementor-element elementor-element-df0c851 e-con-full e-flex e-con e-child\" data-id=\"df0c851\" data-element_type=\"container\" data-e-type=\"container\">\n\t\t\t\t<div class=\"elementor-element elementor-element-32c741e elementor-widget elementor-widget-text-editor\" data-id=\"32c741e\" data-element_type=\"widget\" data-e-type=\"widget\" data-widget_type=\"text-editor.default\">\n\t\t\t\t\t\t\t\t\t<h6><span style=\"color: #ffffff;\">Correo electr\u00f3nico: lucia.soler.alejandre@gmail.com<br \/><\/span><span style=\"color: #ffffff;\">Tel\u00e9fono: 622505707<\/span><\/h6>\t\t\t\t\t\t\t\t<\/div>\n\t\t\t\t<\/div>\n\t\t\t\t<\/div>\n\t\t\t\t<\/div>\n\t\t\t\t<\/div>\n\t\t","protected":false},"excerpt":{"rendered":"<p>Soy Luc\u00eda, estudiante de fotograf\u00eda y creaci\u00f3n audiovisual en Valencia. Para m\u00ed, la imagen y la edici\u00f3n son mucho m\u00e1s que t\u00e9cnica. Son las herramientas que utilizo para explorar sentimientos<\/p>\n<p class=\"more-link\"><a class=\"button\" href=\"https:\/\/noxoles.es\/?page_id=84\" class=\"readmore\">Continue reading<span class=\"screen-reader-text\">Sobre m\u00ed<\/span><\/a><\/p>\n","protected":false},"author":1,"featured_media":0,"parent":0,"menu_order":0,"comment_status":"closed","ping_status":"closed","template":"","meta":{"footnotes":""},"class_list":["post-84","page","type-page","status-publish","hentry"],"_links":{"self":[{"href":"https:\/\/noxoles.es\/index.php?rest_route=\/wp\/v2\/pages\/84","targetHints":{"allow":["GET"]}}],"collection":[{"href":"https:\/\/noxoles.es\/index.php?rest_route=\/wp\/v2\/pages"}],"about":[{"href":"https:\/\/noxoles.es\/index.php?rest_route=\/wp\/v2\/types\/page"}],"author":[{"embeddable":true,"href":"https:\/\/noxoles.es\/index.php?rest_route=\/wp\/v2\/users\/1"}],"replies":[{"embeddable":true,"href":"https:\/\/noxoles.es\/index.php?rest_route=%2Fwp%2Fv2%2Fcomments&post=84"}],"version-history":[{"count":46,"href":"https:\/\/noxoles.es\/index.php?rest_route=\/wp\/v2\/pages\/84\/revisions"}],"predecessor-version":[{"id":157,"href":"https:\/\/noxoles.es\/index.php?rest_route=\/wp\/v2\/pages\/84\/revisions\/157"}],"wp:attachment":[{"href":"https:\/\/noxoles.es\/index.php?rest_route=%2Fwp%2Fv2%2Fmedia&parent=84"}],"curies":[{"name":"wp","href":"https:\/\/api.w.org\/{rel}","templated":true}]}}